{"id":981,"date":"2016-07-03T11:44:19","date_gmt":"2016-07-03T03:44:19","guid":{"rendered":"https:\/\/indiansummerhouse.co\/fr\/?page_id=981"},"modified":"2018-03-17T10:02:41","modified_gmt":"2018-03-17T02:02:41","slug":"activites","status":"publish","type":"page","link":"https:\/\/indiansummerhouse.co\/fr\/activites\/","title":{"rendered":"Exp\u00e9riences"},"content":{"rendered":"<p>[vc_row][vc_column width=\u00a0\u00bb1\/3&Prime;][vc_single_image image=\u00a0\u00bb1507&Prime; img_size=\u00a0\u00bbfull\u00a0\u00bb style=\u00a0\u00bbvc_box_shadow_3d\u00a0\u00bb onclick=\u00a0\u00bblink_image\u00a0\u00bb][\/vc_column][vc_column width=\u00a0\u00bb2\/3&Prime;][vc_custom_heading text=\u00a0\u00bbSpa Ayurveda\u00a0\u00bb use_theme_fonts=\u00a0\u00bbyes\u00a0\u00bb][vc_column_text]Au Indian Summer House, nous souhaitons rendre votre s\u00e9jour aussi relaxant et enrichissant que possible. Profitez de notre Spa interne Ayurveda pour d\u00e9tendre corps et esprit, d\u00e9sintoxiquer et rajeunir ou dynamiser et fortifier avec notre s\u00e9lection de traitements Spa Ayurveda, yoga et m\u00e9ditation.<\/p>\n<p>Just <a data-toggle=\"modal\" data-target=\"#contact-agent-modal\">Consultez-nous<\/a> pour plus de d\u00e9tails.[\/vc_column_text][\/vc_column][\/vc_row][vc_row full_width=\u00a0\u00bbstretch_row\u00a0\u00bb css=\u00a0\u00bb.vc_custom_1465524540929{background-color: rgba(229,229,229,0.25) !important;*background-color: rgb(229,229,229) !important;}\u00a0\u00bb][vc_column width=\u00a0\u00bb2\/3&Prime;][vc_custom_heading text=\u00a0\u00bbExp\u00e9rience Locale\u00a0\u00bb use_theme_fonts=\u00a0\u00bbyes\u00a0\u00bb][vc_column_text]Nous serions ravis d\u2019offrir \u00e0 notre client\u00e8le un aper\u00e7u de la vie locale, de la cuisine r\u00e9gionale et de la culture. \u00c0 cet \u00e9gard nous avons con\u00e7u des exp\u00e9riences innovatrices afin d\u2019enrichir votre s\u00e9jour dans notre maison. Une de nos courtes visites tr\u00e8s demand\u00e9es est la travers\u00e9e du fleuve et th\u00e9 \u00e0 Mohanan\u2019s Tea House. Cela peut \u00eatre suivit d\u2019un d\u00e9jeuner d\u00e9licieux avec les Officiers du D\u00e9partement des Travaux Publiques, tout en ayant un aper\u00e7u de comment marchent le gouvernement et la communaut\u00e9 dans cette partie de l\u2019Inde.<\/p>\n<p>&nbsp;<\/p>\n<p>Vous \u00eates les bienvenus pour rejoindre un habitant local ou vous promener seuls dans Muvattapuzha, ou bien faire une visite du Temple avec une Tante. Si vous \u00eates plut\u00f4t shopping, laissez nous vous guider vers les meilleurs endroits du district pour acheter des Saris en soie et du coton Khadi. Votre s\u00e9jour au Indian Summer House ne serai pas complet sans une le\u00e7on en cuisine avec notre Chef cuisiner.[\/vc_column_text][\/vc_column][vc_column width=\u00a0\u00bb1\/3&Prime;][vc_single_image image=\u00a0\u00bb790&Prime; img_size=\u00a0\u00bbmedium\u00a0\u00bb alignment=\u00a0\u00bbcenter\u00a0\u00bb style=\u00a0\u00bbvc_box_shadow_3d\u00a0\u00bb][\/vc_column][\/vc_row][vc_row][vc_column][vc_custom_heading text=\u00a0\u00bbExcursions d\u2019un jour\u00a0\u00bb use_theme_fonts=\u00a0\u00bbyes\u00a0\u00bb][\/vc_column][\/vc_row][vc_row][vc_column width=\u00a0\u00bb1\/3&Prime;][vc_single_image image=\u00a0\u00bb1509&Prime; img_size=\u00a0\u00bbfull\u00a0\u00bb style=\u00a0\u00bbvc_box_shadow_3d\u00a0\u00bb][\/vc_column][vc_column width=\u00a0\u00bb2\/3&Prime;][vc_column_text]Pour notre client\u00e8le souhaitant s\u2019aventurer au-del\u00e0 de notre localit\u00e9, nous offrons des visites externes telles qu\u2019une randonn\u00e9e camping depuis Munnar jusqu\u2019aux Plantations de Cardamome ou bien une excursion jusqu\u2019au troisi\u00e8me plus haut sommet de Kerala. Ou alors vous pr\u00e9f\u00e8reriez peut-\u00eatre un apr\u00e8s-midi pr\u00e9lass\u00e9 dans un Club de Voile priv\u00e9 \u00e0 faire du kayak ou de la voile.[\/vc_column_text][\/vc_column][\/vc_row][vc_row full_width=\u00a0\u00bbstretch_row_content_no_spaces\u00a0\u00bb][vc_column]\r\n\r\n<!-- .call-to-action -->\r\n<section class=\"call-to-action on-footer-home no-padding anim-5-all\">\r\n\t<div class=\"container\">\r\n\t\t<!-- .call-to-action -->\r\n\t\t<div class=\"call-to-action style-two style-three row\">\r\n\t\t\t<div class=\"col-lg-9\">\r\n\t\t\t\t<!-- .call-to-action-text -->\r\n\t\t\t\t<div class=\"call-to-action-text\">\r\n\t\t\t\t\t<h2>R\u00e9servez une activit\u00e9<\/h2>\r\n\t\t\t\t\t<p>Beaucoup de ces activit\u00e9s seront incluses dans votre tarif, et d\u2019autres, telles que voile et cuisine, occasionnent des frais suppl\u00e9mentaires. Veuillez nous indiquer si vous voulez enrichir votre s\u00e9jour avec quelques-unes de ces options.<\/p>\r\n\t\t\t\t<\/div><!-- \/.call-to-action-text -->\r\n\t\t\t<\/div>\r\n\t\t\t<div class=\"col-lg-3 text-center\">\r\n\t\t\t\t<button data-toggle=\"modal\" data-target=\"#contact-agent-modal\">Renseignez-vous d\u00e8s maintenant<\/button>\r\n\t\t\t<\/div>\r\n\t\t<\/div><!-- \/.call-to-action -->\r\n\t<\/div>\r\n<\/section><!-- \/.call-to-action -->\r\n\r\n[\/vc_column][\/vc_row]<\/p>\n","protected":false},"excerpt":{"rendered":"<p>[vc_row][vc_column width=\u00a0\u00bb1\/3&Prime;][vc_single_image image=\u00a0\u00bb1507&Prime; img_size=\u00a0\u00bbfull\u00a0\u00bb style=\u00a0\u00bbvc_box_shadow_3d\u00a0\u00bb onclick=\u00a0\u00bblink_image\u00a0\u00bb][\/vc_column][vc_column width=\u00a0\u00bb2\/3&Prime;][vc_custom_heading text=\u00a0\u00bbSpa Ayurveda\u00a0\u00bb use_theme_fonts=\u00a0\u00bbyes\u00a0\u00bb][vc_column_text]Au Indian Summer House, nous souhaitons rendre votre s\u00e9jour aussi relaxant et enrichissant que possible. Profitez de notre Spa interne Ayurveda pour d\u00e9tendre corps et esprit, d\u00e9sintoxiquer et rajeunir ou dynamiser et fortifier avec notre s\u00e9lection de traitements Spa Ayurveda, yoga et m\u00e9ditation. Just Consultez-nous pour<\/p>\n","protected":false},"author":1,"featured_media":0,"parent":0,"menu_order":0,"comment_status":"open","ping_status":"closed","template":"tpl-page_without_comment.php","meta":{"footnotes":""},"class_list":["post-981","page","type-page","status-publish","hentry"],"_links":{"self":[{"href":"https:\/\/indiansummerhouse.co\/fr\/wp-json\/wp\/v2\/pages\/981\/"}],"collection":[{"href":"https:\/\/indiansummerhouse.co\/fr\/wp-json\/wp\/v2\/pages\/"}],"about":[{"href":"https:\/\/indiansummerhouse.co\/fr\/wp-json\/wp\/v2\/types\/page\/"}],"author":[{"embeddable":true,"href":"https:\/\/indiansummerhouse.co\/fr\/wp-json\/wp\/v2\/users\/1\/"}],"replies":[{"embeddable":true,"href":"https:\/\/indiansummerhouse.co\/fr\/wp-json\/wp\/v2\/comments\/?post=981"}],"version-history":[{"count":4,"href":"https:\/\/indiansummerhouse.co\/fr\/wp-json\/wp\/v2\/pages\/981\/revisions\/"}],"predecessor-version":[{"id":1512,"href":"https:\/\/indiansummerhouse.co\/fr\/wp-json\/wp\/v2\/pages\/981\/revisions\/1512\/"}],"wp:attachment":[{"href":"https:\/\/indiansummerhouse.co\/fr\/wp-json\/wp\/v2\/media\/?parent=981"}],"curies":[{"name":"wp","href":"https:\/\/api.w.org\/{rel}","templated":true}]}}