{"id":597,"date":"2016-05-25T14:49:58","date_gmt":"2016-05-25T06:49:58","guid":{"rendered":"https:\/\/indiansummerhouse.co\/?page_id=597&#038;lang=fr"},"modified":"2019-03-11T10:46:36","modified_gmt":"2019-03-11T02:46:36","slug":"la-villa","status":"publish","type":"page","link":"https:\/\/indiansummerhouse.co\/fr\/la-villa\/","title":{"rendered":"La Villa"},"content":{"rendered":"<p>[vc_row el_id=\u00a0\u00bbvilla-welcome\u00a0\u00bb][vc_column]\r\n<!-- #about-page-content -->\r\n<section id=\"about-page-content\">\r\n\t<div class=\"container\">\r\n\t\t<div class=\"row\">\r\n\t\t\t<!-- .about-page-text -->\r\n\t\t\t<div class=\"col-lg-6 col-md-6 about-page-text\">\r\n\t\t\t\t<!-- .section-title -->\r\n\t\t\t\t<div class=\"section-title\">\r\n\t\t\t\t\t<span><\/span>\r\n\t\t\t\t\t<h2><span>Bienvenue \u00e0 notre Indian Summer House<\/span><\/h2>\t\t\t\t\r\n\t\t\t\t<\/div><!-- \/.section-title -->\r\n\t\t\t\t<p>Une villa de luxe o\u00f9 vous pouvez sortir de votre vie engag\u00e9e et vous retrouver dans un sanctuaire de confort et de culture Kerala. Des all\u00e9es romantiques et des jardins biologiques entourent la retraite aux allures de palais cr\u00e9es \u00e0 cote de notre maison ancestrale.<\/p>\n<p>Situ\u00e9e \u00e0 proximit\u00e9 de la rivi\u00e8re sinueuse Muvatttapuzha dans le Sud de l\u2019Inde, la Indian Summer House vous invite \u00e0 ralentir et \u00e0 vous recharger. Une fois repos\u00e9s et d\u00e9tendus, nous allons vous guider vers les attractions locales secr\u00e8tes &#8211; en bateau, \u00e0 v\u00e9lo ou si vous pr\u00e9f\u00e9rez, en promenade, \u00e0 travers le paysage tropical luxuriant de ce hameau inexplor\u00e9 du Sud.<br \/>\n<\/p>\r\n\t\t\t<\/div><!-- \/.about-page-text -->\r\n\t\t\t<!-- .about-page-image -->\r\n\t\t\t<div class=\"col-lg-6 col-md-6 about-page-image text-right\">\r\n\t\t\t\t<img decoding=\"async\" src=\"https:\/\/indiansummerhouse.co\/wp-content\/uploads\/2016\/05\/welcome_550_300.jpg\" alt=\"image\">\r\n\t\t\t<\/div><!-- \/.about-page-image -->\r\n\t\t<\/div>\r\n\t<\/div>\r\n<\/section><!-- \/#about-page-content -->\r\n\r\n[\/vc_column][\/vc_row][vc_row][vc_column]\r\n<section class=\"agent-experience\">\r\n\t<div class=\"container\">\r\n\t\t<div class=\"row\">\r\n\t\t\t<div class=\"col-md-12\">\r\n\t\t\t\t<!-- .section-title -->\r\n\t\t\t\t<div class=\"section-title\">\r\n\t\t\t\t\t<span><\/span>\r\n\t\t\t\t\t<h2><span>Energy &amp; Harmony<\/span><\/h2>\t\t\t\t\r\n\t\t\t\t<\/div><!-- \/.section-title -->\r\n\r\n\t\t\t\t<p>Les clients de la Indian Summer House appr\u00e9cient l\u2019immense calme ressentit losque vous traversez le temple Pavilion jusque dans ce paradis intime.<\/p>\n<p>L\u2019artiste paysagiste reconnu, Made Wijaya, est responsable d\u2019avoir donn\u00e9 la vie \u00e0 nos id\u00e9es avec sa vision d\u2019une villa de luxe qui marie l\u2019ancien et le nouveau.<\/p>\n<p>D'autres artisans locaux ont contribu\u00e9 de belles sculptures, des \u00e9tangs, de superbes plafonds en bois fabriqu\u00e9s \u00e0 la main ainsi que des chevrons rayonnants inspir\u00e9s par le c\u00e9l\u00e8bre architecte, Prashant.<\/p>\r\n\r\n\t\t\t\t<p><b>Selon nous, le plus int\u00e9ressant est ce qui se trouve en dessous de la surface: le noyau distinctif de la majestueuse Indian Summer House de Kerala est constitu\u00e9e d\u2019\u00e9nergie et d\u2019harmonie.<\/b><\/p>\r\n\r\n\t\t\t\t<p>La r\u00e9sidence isol\u00e9e r\u00e9v\u00e8le un m\u00e9lange homog\u00e8ne de l'architecture coloniale Keralan avec une touche contemporaine, tout en restant respectueuse de Vastu - le syst\u00e8me hindou de l'architecture.<\/p>\r\n\t\t\t<\/div>\r\n\t\t<\/div>\r\n\t<\/div>\r\n<\/section>\r\n\r\n[\/vc_column][\/vc_row][vc_row full_width=\u00a0\u00bbstretch_row\u00a0\u00bb container=\u00a0\u00bb1&Prime; css=\u00a0\u00bb.vc_custom_1466080826013{padding-top: 40px !important;}\u00a0\u00bb el_class=\u00a0\u00bbcustom-row\u00a0\u00bb][vc_column width=\u00a0\u00bb1\/4&Prime;][vc_single_image image=\u00a0\u00bb636&Prime; img_size=\u00a0\u00bbfull\u00a0\u00bb alignment=\u00a0\u00bbcenter\u00a0\u00bb][\/vc_column][vc_column width=\u00a0\u00bb3\/4&Prime; css=\u00a0\u00bb.vc_custom_1466079654064{padding-top: 40px !important;}\u00a0\u00bb][vc_column_text]Apr\u00e8s une journ\u00e9e de randonn\u00e9e, de d\u00e9tente \u00e0 la piscine ou d\u2019avoir rajeunit son corps et son esprit au spa, choisir quand et o\u00f9 d\u00eener dans ce refuge tropical pourrait \u00eatre la chose la plus difficile \u00e0 faire. Notre chef, Rajesh, va vous inspirer avec son menu all\u00e9chant et tous les clients sont invit\u00e9s \u00e0 participer \u00e0 un cours de cuisine.<\/p>\n<p>&nbsp;<\/p>\n<p>Le personnel attentif sera sur place pour aider les clients calmement dans le fond. De l\u2019aide de la part des h\u00f4tes est \u00e9galement possible pour des visites de temples, des promenades en cano\u00eb, des randonn\u00e9es plus longues, du shopping local, ou des promenades vers la boutique et les jardins de th\u00e9.[\/vc_column_text][\/vc_column][\/vc_row][vc_row][vc_column]\r\n\r\n<!-- .call-to-action -->\r\n<section class=\"call-to-action on-footer-home no-padding anim-5-all\">\r\n\t<div class=\"container\">\r\n\t\t<!-- .call-to-action -->\r\n\t\t<div class=\"call-to-action style-two style-three row\">\r\n\t\t\t<div class=\"col-lg-9\">\r\n\t\t\t\t<!-- .call-to-action-text -->\r\n\t\t\t\t<div class=\"call-to-action-text\">\r\n\t\t\t\t\t<h2>Nous nous r\u00e9jouissons de votre demande<\/h2>\r\n\t\t\t\t\t<p>Maintenant, tout ce qui vous reste de faire est de lire attentivement les d\u00e9tails concernant les chambres et les styles d'h\u00e9bergement \u00e0 notre Indian Summer House. Que votre r\u00e9servation soit pour deux ou dix personnes, vous aurez pleinement acc\u00e8s \u00e0 la cuisine occidentale, \u00e0 la salle de sport, \u00e0 la piscine et au jardin. Acc\u00e8s aux soins disponibles au spa Ayurveda (payant). Tous les repas sont inclus dans votre s\u00e9jour.<\/p>\r\n\t\t\t\t<\/div><!-- \/.call-to-action-text -->\r\n\t\t\t<\/div>\r\n\t\t\t<div class=\"col-lg-3 text-center\">\r\n\t\t\t\t<button data-toggle=\"modal\" data-target=\"#contact-agent-modal\">Renseignez-vous d\u00e8s maintenant<\/button>\r\n\t\t\t<\/div>\r\n\t\t<\/div><!-- \/.call-to-action -->\r\n\t<\/div>\r\n<\/section><!-- \/.call-to-action -->\r\n\r\n[\/vc_column][\/vc_row]<\/p>\n","protected":false},"excerpt":{"rendered":"<p>[vc_row el_id=\u00a0\u00bbvilla-welcome\u00a0\u00bb][vc_column][\/vc_column][\/vc_row][vc_row][vc_column][\/vc_column][\/vc_row][vc_row full_width=\u00a0\u00bbstretch_row\u00a0\u00bb container=\u00a0\u00bb1&Prime; css=\u00a0\u00bb.vc_custom_1466080826013{padding-top: 40px !important;}\u00a0\u00bb el_class=\u00a0\u00bbcustom-row\u00a0\u00bb][vc_column width=\u00a0\u00bb1\/4&Prime;][vc_single_image image=\u00a0\u00bb636&Prime; img_size=\u00a0\u00bbfull\u00a0\u00bb alignment=\u00a0\u00bbcenter\u00a0\u00bb][\/vc_column][vc_column width=\u00a0\u00bb3\/4&Prime; css=\u00a0\u00bb.vc_custom_1466079654064{padding-top: 40px !important;}\u00a0\u00bb][vc_column_text]Apr\u00e8s une journ\u00e9e de randonn\u00e9e, de d\u00e9tente \u00e0 la piscine ou d\u2019avoir rajeunit son corps et son esprit au spa, choisir quand et o\u00f9 d\u00eener dans ce refuge tropical pourrait \u00eatre la chose la plus difficile \u00e0 faire. Notre chef,<\/p>\n","protected":false},"author":1,"featured_media":0,"parent":0,"menu_order":0,"comment_status":"open","ping_status":"closed","template":"tpl-visual_composer2.php","meta":{"footnotes":""},"class_list":["post-597","page","type-page","status-publish","hentry"],"_links":{"self":[{"href":"https:\/\/indiansummerhouse.co\/fr\/wp-json\/wp\/v2\/pages\/597\/"}],"collection":[{"href":"https:\/\/indiansummerhouse.co\/fr\/wp-json\/wp\/v2\/pages\/"}],"about":[{"href":"https:\/\/indiansummerhouse.co\/fr\/wp-json\/wp\/v2\/types\/page\/"}],"author":[{"embeddable":true,"href":"https:\/\/indiansummerhouse.co\/fr\/wp-json\/wp\/v2\/users\/1\/"}],"replies":[{"embeddable":true,"href":"https:\/\/indiansummerhouse.co\/fr\/wp-json\/wp\/v2\/comments\/?post=597"}],"version-history":[{"count":6,"href":"https:\/\/indiansummerhouse.co\/fr\/wp-json\/wp\/v2\/pages\/597\/revisions\/"}],"predecessor-version":[{"id":1609,"href":"https:\/\/indiansummerhouse.co\/fr\/wp-json\/wp\/v2\/pages\/597\/revisions\/1609\/"}],"wp:attachment":[{"href":"https:\/\/indiansummerhouse.co\/fr\/wp-json\/wp\/v2\/media\/?parent=597"}],"curies":[{"name":"wp","href":"https:\/\/api.w.org\/{rel}","templated":true}]}}