{"id":1015,"date":"2016-07-04T22:16:15","date_gmt":"2016-07-04T14:16:15","guid":{"rendered":"https:\/\/indiansummerhouse.co\/fr\/?page_id=1015"},"modified":"2018-03-17T10:14:40","modified_gmt":"2018-03-17T02:14:40","slug":"localisation","status":"publish","type":"page","link":"https:\/\/indiansummerhouse.co\/fr\/localisation\/","title":{"rendered":"Attractions"},"content":{"rendered":"<p>[vc_row full_width=\u00a0\u00bbstretch_row_content\u00a0\u00bb container=\u00a0\u00bb1&Prime; el_class=\u00a0\u00bbsection-title custom-header-row text-center\u00a0\u00bb][vc_column][vc_raw_html]JTNDaDIlM0UlM0NzcGFuJTNFTG9jYWxpc2F0aW9uJTIwZXQlMjBBdHRyYWN0aW9ucyUyMFZvaXNpbmVzJTNDJTJGc3BhbiUzRSUzQyUyRmgyJTNF[\/vc_raw_html][vc_column_text]<\/p>\n<p>Muvattapuzha est situ\u00e9 sur les rives du majestueux fleuve Muvattapuzha \u00e0 seulement 45 km de Kochi et \u00e0 32 km de l\u2019A\u00e9roport International de Kochi. Munnar, une destination touristique populaire et une zone d\u2019excursion, est seulement 90 km plus loin vers les Ghats Occidentaux.<\/p>\n<p>[\/vc_column_text][\/vc_column][\/vc_row][vc_row full_width=\u00a0\u00bbstretch_row\u00a0\u00bb parallax=\u00a0\u00bbcontent-moving\u00a0\u00bb container=\u00a0\u00bb1&Prime; el_id=\u00a0\u00bblocation-neighbouring\u00a0\u00bb el_class=\u00a0\u00bbparallax-section\u00a0\u00bb css=\u00a0\u00bb.vc_custom_1465915719488{background-image: url(https:\/\/indiansummerhouse.co\/wp-content\/uploads\/2015\/12\/Pond-Home-Page-IMG_4118.jpg?id=872) !important;background-position: 0 0;background-repeat: no-repeat !important;}\u00a0\u00bb][vc_column css=\u00a0\u00bb.vc_custom_1465915916378{background-color: rgba(0,0,0,0.44) !important;*background-color: rgb(0,0,0) !important;}\u00a0\u00bb]\r\n<div class=\"location-neighbouring-text\">\r\n\t<!-- .section-title -->\r\n\t<div class=\"section-title\">\r\n\t\t<span><\/span>\r\n\t\t<h2><span>Distance from attractions<\/span><\/h2>\r\n\t<\/div><!-- \/.section-title -->\r\n\t<div class=\"row\">\r\n\t\t<div class=\"col-lg-6 col-md-7 col-sm-7\">\r\n\t\t\t<!-- .essential-place -->\r\n\t\t\t<ul class=\"essential-place\">\r\n\t\t\t\t\r\n<li class=\"clearfix\">\r\n    <div class=\"name\">\r\n        <h3>LuLu Mall<\/h3>\r\n        <p><\/p>\r\n    <\/div>\r\n    <div class=\"distance\">\r\n        40Km, 1hr sans embouteillage    <\/div>\r\n<\/li>\r\n\r\n\r\n<li class=\"clearfix\">\r\n    <div class=\"name\">\r\n        <h3>L\u2019A\u00e9roport International de Cochin<\/h3>\r\n        <p><\/p>\r\n    <\/div>\r\n    <div class=\"distance\">\r\n        32Km, 1hr    <\/div>\r\n<\/li>\r\n\r\n\r\n<li class=\"clearfix\">\r\n    <div class=\"name\">\r\n        <h3>Le Club House de Voile<\/h3>\r\n        <p><\/p>\r\n    <\/div>\r\n    <div class=\"distance\">\r\n        45Km, 1hr 30min    <\/div>\r\n<\/li>\r\n\r\n\r\n<li class=\"clearfix\">\r\n    <div class=\"name\">\r\n        <h3>Le Parc d\u2019Attraction Wonderla<\/h3>\r\n        <p><\/p>\r\n    <\/div>\r\n    <div class=\"distance\">\r\n        25Km, 45min    <\/div>\r\n<\/li>\r\n\r\n\r\n<li class=\"clearfix\">\r\n    <div class=\"name\">\r\n        <h3>Kumarakom<\/h3>\r\n        <p><\/p>\r\n    <\/div>\r\n    <div class=\"distance\">\r\n        60Km, 1hr 45 min    <\/div>\r\n<\/li>\r\n\r\n\r\n<li class=\"clearfix\">\r\n    <div class=\"name\">\r\n        <h3>Le Centre de formation d\u2019\u00c9l\u00e9phants Konadad<\/h3>\r\n        <p><\/p>\r\n    <\/div>\r\n    <div class=\"distance\">\r\n        30Km, 1hr    <\/div>\r\n<\/li>\r\n\r\n\r\n<li class=\"clearfix\">\r\n    <div class=\"name\">\r\n        <h3>Les Cascades Athirapally et Vazhachal<\/h3>\r\n        <p><\/p>\r\n    <\/div>\r\n    <div class=\"distance\">\r\n        65Km, 1hr 50min     <\/div>\r\n<\/li>\r\n\r\n\r\n<li class=\"clearfix\">\r\n    <div class=\"name\">\r\n        <h3>Munnar<\/h3>\r\n        <p><\/p>\r\n    <\/div>\r\n    <div class=\"distance\">\r\n        90Km, 2hr 30min    <\/div>\r\n<\/li>\r\n\r\n\r\n<li class=\"clearfix\">\r\n    <div class=\"name\">\r\n        <h3>Fort Kochi<\/h3>\r\n        <p><\/p>\r\n    <\/div>\r\n    <div class=\"distance\">\r\n        45Km, 1hr 45min    <\/div>\r\n<\/li>\r\n\r\n\r\n<li class=\"clearfix\">\r\n    <div class=\"name\">\r\n        <h3>Les Maisons-bateaux d\u2019Alappuzha<\/h3>\r\n        <p><\/p>\r\n    <\/div>\r\n    <div class=\"distance\">\r\n        85Km, 2hr 15min    <\/div>\r\n<\/li>\r\n\r\n\r\n<li class=\"clearfix\">\r\n    <div class=\"name\">\r\n        <h3>Le Grand H\u00f4tel<\/h3>\r\n        <p><\/p>\r\n    <\/div>\r\n    <div class=\"distance\">\r\n        40Km 1hr without traffic    <\/div>\r\n<\/li>\r\n\r\n\r\n<li class=\"clearfix\">\r\n    <div class=\"name\">\r\n        <h3>La Plage Cherai<\/h3>\r\n        <p><\/p>\r\n    <\/div>\r\n    <div class=\"distance\">\r\n        65Km, 1hr 45min    <\/div>\r\n<\/li>\r\n\r\n\r\n<li class=\"clearfix\">\r\n    <div class=\"name\">\r\n        <h3>Thekkady<\/h3>\r\n        <p><\/p>\r\n    <\/div>\r\n    <div class=\"distance\">\r\n        120Km, 3hr    <\/div>\r\n<\/li>\r\n\r\n\t\t\t<\/ul><!-- \/.essential-place -->\r\n\t\t<\/div>\r\n\t\t<div class=\"col-lg-6 col-md-5 col-sm-5\">\r\n\t\t\t<!-- .google-map -->\r\n\t\t\t<div class=\"google-map1\" id=\"location-neighbouring-map\"><\/div><!-- \/.google-map -->\r\n\t\t<\/div>\r\n\t<\/div>\r\n<\/div><!-- \/.location-neighbouring-text -->\r\n<script type=\"text\/javascript\">\r\n        \r\n\t\/\/ Google Map Settings\r\n\tif(jQuery('#location-neighbouring-map').length){\r\n\t\tvar map;\r\n\t\t map = new GMaps({\r\n\t\t\tel: '#location-neighbouring-map',\r\n\t\t\tzoom: 12,\r\n\t\t\tscrollwheel:false,\r\n\t\t\t\/\/Set Latitude and Longitude Here\r\n\t\t\tlat: 9.9772093,\r\n\t\t\tlng: 76.5703566\t\t  });\r\n\t\t  \r\n\t\t  \/\/Add map Marker\r\n\t\t  map.addMarker({\r\n\t\t\tlat: 9.9772093,\r\n\t\t\tlng: 76.5703566,\r\n\t\t\tinfoWindow: {\r\n\t\t\t  content: '<p><strong>Indian Summer House<\/strong><br>Muvattupuzha, Kerala, South India<\/p>'\r\n\t\t\t}\r\n\t\t \r\n\t\t});\r\n\t}\r\n\r\n<\/script>\r\n\r\n[\/vc_column][\/vc_row][vc_row full_width=\u00a0\u00bbstretch_row_content\u00a0\u00bb container=\u00a0\u00bb1&Prime; el_class=\u00a0\u00bbcustom-header-row container\u00a0\u00bb css=\u00a0\u00bb.vc_custom_1465916184414{background-color: #f1f1f1 !important;}\u00a0\u00bb][vc_column][vc_custom_heading text=\u00a0\u00bbLuLu Mall\u00a0\u00bb font_container=\u00a0\u00bbtag:h3|text_align:left\u00a0\u00bb use_theme_fonts=\u00a0\u00bbyes\u00a0\u00bb][vc_column_text]Lulu Mall est le deuxi\u00e8me plus grand centre commercial en Inde. Couvrant 17 ares, il contient plus de 200 points de vente tels qu\u2019un cin\u00e9ma, une patinoire, un bowling et un supermarch\u00e9.[\/vc_column_text][vc_custom_heading text=\u00a0\u00bbL\u2019A\u00e9roport International de Cochin\u00a0\u00bb font_container=\u00a0\u00bbtag:h3|text_align:left\u00a0\u00bb use_theme_fonts=\u00a0\u00bbyes\u00a0\u00bb][vc_column_text]L\u2019A\u00e9roport International de Cochin est le premier a\u00e9roport de champ vert du pays, construit avec un partenariat public-priv\u00e9. La participation publique \u00e9tonnante, le soutien sans rel\u00e2che des NRI et une direction efficace on fait de CIAL, la compagnie qui a construit l\u2019a\u00e9roport, une marque internationale.[\/vc_column_text][vc_custom_heading text=\u00a0\u00bbLe Club House de Voile\u00a0\u00bb font_container=\u00a0\u00bbtag:h3|text_align:left\u00a0\u00bb use_theme_fonts=\u00a0\u00bbyes\u00a0\u00bb][vc_column_text]Offrez-vous \u00e0 la vue incroyable du Lac Vembanad, un des lacs les plus larges du pays. Il fait que cet endroit soit le meilleur pour vous d\u00e9tacher les cheveux et monter les voiles. Faites un rendez-vous avec une personne sp\u00e9ciale ou organisez un banquet priv\u00e9 pour votre groupe sur cette retraite isol\u00e9e.[\/vc_column_text][vc_custom_heading text=\u00a0\u00bbLe Parc d\u2019Attraction Wonderla\u00a0\u00bb font_container=\u00a0\u00bbtag:h3|text_align:left\u00a0\u00bb use_theme_fonts=\u00a0\u00bbyes\u00a0\u00bb][vc_column_text]Wonderla, Kochi, est un endroit parfait avec des man\u00e8ges et des jeux exaltants. Nich\u00e9 dans un \u00e9crin pittoresque au Pallikkara, Wonderla est un parc d\u2019attraction \u00e9cologique, offrant du divertissement en toute s\u00e9curit\u00e9, bien-encadr\u00e9 pour les visiteurs.<\/p>\n<p>Wonderla a 22 attractions aquatiques et 34 attractions terrestres.[\/vc_column_text][vc_custom_heading text=\u00a0\u00bbKumarakom\u00a0\u00bb font_container=\u00a0\u00bbtag:h3|text_align:left\u00a0\u00bb use_theme_fonts=\u00a0\u00bbyes\u00a0\u00bb][vc_column_text]Le village de Kumarakom est un groupe de petites \u00eeles sur le lac Vembanad. Le sanctuaire d\u2019oiseaux, qui est r\u00e9parti sur 14 ares, est le point culminant et un lieu de pr\u00e9dilection des oiseaux migrateurs et un paradis pour les ornithologues. L\u2019aigrette, le dard, le h\u00e9ron, la sarcelle, la sauvagine, le coucou, le canard sauvage et les oiseaux migrateurs tels que la cigogne sib\u00e9rienne visitent cet endroit en groupe et fascinent les visiteurs.[\/vc_column_text][vc_custom_heading text=\u00a0\u00bbLe Centre de formation d\u2019\u00c9l\u00e9phants Konadad\u00a0\u00bb font_container=\u00a0\u00bbtag:h3|text_align:left\u00a0\u00bb use_theme_fonts=\u00a0\u00bbyes\u00a0\u00bb][vc_column_text]Ces \u00e9l\u00e9phants orphelins semblent v\u00e9ritablement heureux et bien entretenus. Joignez-vous aux \u00e9l\u00e9phants pendant leur promenade matinale.\u00a0Vous marchez \u00e0 c\u00f4t\u00e9 des \u00e9l\u00e9phants jusqu\u2019\u00e0 la rivi\u00e8re o\u00f9 ils plongent joyeusement dans l\u2019eau et sont soigneusement lav\u00e9s. Cela peut \u00eatre une exp\u00e9rience fantastique et les \u00e9l\u00e9phants semblent r\u00e9ellement contents.[\/vc_column_text][vc_custom_heading text=\u00a0\u00bbLes Cascades Athirapally et Vazhachal\u00a0\u00bb font_container=\u00a0\u00bbtag:h3|text_align:left\u00a0\u00bb use_theme_fonts=\u00a0\u00bbyes\u00a0\u00bb][vc_column_text]Ces deux chutes d&rsquo;eau pittoresques et majestueuses sont situ\u00e9es \u00e0 seulement 5 km \u00e0 part, sur le bord des massifs forestiers Sholayar. La cascade Athirapally se joint \u00e0 la rivi\u00e8re Chalakudy apr\u00e8s avoir chut\u00e9 80 pieds. L\u2019arrosage frais qui couvre une grande surface pr\u00e8s de la chute fait de Athirapally un emplacement pittoresque. La chute d&rsquo;eau captivante Vazhachal est proche de denses for\u00eats vertes et fait partie de la rivi\u00e8re Chalakudy.[\/vc_column_text][vc_custom_heading text=\u00a0\u00bbMunnar\u00a0\u00bb font_container=\u00a0\u00bbtag:h3|text_align:left\u00a0\u00bb use_theme_fonts=\u00a0\u00bbyes\u00a0\u00bb][vc_column_text]Munnar est situ\u00e9 au confluent de trois cours d&rsquo;eau de montagne &#8211; Mudrapuzha, Nallathanni et Kundala. 1600 m au-dessus du niveau de la mer, cette station de montagne \u00e9tait auparavant la station estivale du gouvernement britannique dans le sud de l&rsquo;Inde. Des gigantesques plantations de th\u00e9, des communes pittoresques, des voies sinueuses et des installations de vacances font de cet endroit une station baln\u00e9aire populaire. Parmi la flore exotique trouv\u00e9e dans les for\u00eats et les prairies se trouve le Neelakurinji. Cette fleur qui peint les collines en bleu une fois tous les douze ans, fleurira prochainement en 2018. Munnar est un endroit id\u00e9al pour la randonn\u00e9e.[\/vc_column_text][vc_custom_heading text=\u00a0\u00bbFort Kochi\u00a0\u00bb font_container=\u00a0\u00bbtag:h3|text_align:left\u00a0\u00bb use_theme_fonts=\u00a0\u00bbyes\u00a0\u00bb][vc_column_text]Lonely Planet d\u00e9crit avec justesse Fort Kochi, dor\u00e9navant la maison de la Biennale de Kochi- Muziris, comme une ville qui attire les commer\u00e7ants et les explorateurs \u00e0 ses c\u00f4tes depuis plus de 600 ans. Nulle part ailleurs en Inde pourrait vous trouver un tel m\u00e9lange intrigant : des filets g\u00e9ants de p\u00eache provenant de Chine, une synagogue de 400 ans, des mosqu\u00e9es anciennes, des maisons portugaises et les restes croulants du Raj britannique. Le r\u00e9sultat est un m\u00e9lange improbable m\u00e9di\u00e9val du Portugal, de la Hollande et d\u2019un village anglais greff\u00e9 sur la c\u00f4te tropicale de Malabar.[\/vc_column_text][vc_custom_heading text=\u00a0\u00bbLes Maisons-bateaux d\u2019Alappuzha\u00a0\u00bb font_container=\u00a0\u00bbtag:h3|text_align:left\u00a0\u00bb use_theme_fonts=\u00a0\u00bbyes\u00a0\u00bb][vc_column_text]Avez-vous d\u00e9j\u00e0 fait une croisi\u00e8re dans une maison-bateau sur l\u2019eau stagnante de Kerala\u00a0? Si vous n\u2019en avez pas fait, assurez vous de le faire. Celle-ci est r\u00e9ellement une exp\u00e9rience inoubliable\u00a0! Les maisons-bateaux de nos jours sont des \u00e9normes, lents barges exotiques utilis\u00e9s pour des voyages d\u2019agr\u00e9ment, et sont en fait des versions retravaill\u00e9es des kettuvallams des anciens temps. Les kettuvallams originaux \u00e9taient utilis\u00e9s pour porter des tonnes de riz et d\u2019\u00e9pices.[\/vc_column_text][vc_custom_heading text=\u00a0\u00bbLe Grand H\u00f4tel\u00a0\u00bb font_container=\u00a0\u00bbtag:h3|text_align:left\u00a0\u00bb use_theme_fonts=\u00a0\u00bbyes\u00a0\u00bb][vc_column_text]Dinez au Grand H\u00f4tel Kochi et obtenez le vrai go\u00fbt de Kerala lorsque vous go\u00fbtez la grande vari\u00e9t\u00e9 de fruits de mer et la nourriture marine d\u2019eau douce marin\u00e9s et cuit \u00e0 perfection. Ce restaurant est toujours de bonne qualit\u00e9 et il y a un bar faiblement \u00e9clair\u00e9 en bas pour une bi\u00e8re ou un verre de vin avant le d\u00eener\u00a0![\/vc_column_text][vc_custom_heading text=\u00a0\u00bbLa Plage Cherai\u00a0\u00bb font_container=\u00a0\u00bbtag:h3|text_align:left\u00a0\u00bb use_theme_fonts=\u00a0\u00bbyes\u00a0\u00bb][vc_column_text]La Plage Cherai de 18 kilom\u00e8tres de long est la plage en or de Kerala et est justement appel\u00e9e \u00ab\u00a0La Princesse de la mer Arabe\u00a0\u00bb. Sentez la chaleur des rayons dor\u00e9s du couch\u00e9 du soleil. Profitez des fruits de mer fra\u00eechement p\u00each\u00e9s et pr\u00e9par\u00e9s par la famille du p\u00eacheur. La plage est peu profonde, calme et id\u00e9ale pour se baigner et bronzer. Des dauphins sont vus ici de temps en temps.[\/vc_column_text][vc_custom_heading text=\u00a0\u00bbThekkady\u00a0\u00bb font_container=\u00a0\u00bbtag:h3|text_align:left\u00a0\u00bb use_theme_fonts=\u00a0\u00bbyes\u00a0\u00bb][vc_column_text]La for\u00eat Periyar de Thekkadi est l&rsquo;une des plus belles r\u00e9serves de faune en Inde. R\u00e9partis sur l&rsquo;ensemble de la zone sont des plantations pittoresques et des villages de colline qui d\u00e9tiennent de grandes opportunit\u00e9s pour des randonn\u00e9es et promenades en montagne.[\/vc_column_text][\/vc_column][\/vc_row]<\/p>\n","protected":false},"excerpt":{"rendered":"<p>[vc_row full_width=\u00a0\u00bbstretch_row_content\u00a0\u00bb container=\u00a0\u00bb1&Prime; el_class=\u00a0\u00bbsection-title custom-header-row text-center\u00a0\u00bb][vc_column][vc_raw_html]JTNDaDIlM0UlM0NzcGFuJTNFTG9jYWxpc2F0aW9uJTIwZXQlMjBBdHRyYWN0aW9ucyUyMFZvaXNpbmVzJTNDJTJGc3BhbiUzRSUzQyUyRmgyJTNF[\/vc_raw_html][vc_column_text] Muvattapuzha est situ\u00e9 sur les rives du majestueux fleuve Muvattapuzha \u00e0 seulement 45 km de Kochi et \u00e0 32 km de l\u2019A\u00e9roport International de Kochi. Munnar, une destination touristique populaire et une zone d\u2019excursion, est seulement 90 km plus loin vers les Ghats Occidentaux. [\/vc_column_text][\/vc_column][\/vc_row][vc_row full_width=\u00a0\u00bbstretch_row\u00a0\u00bb parallax=\u00a0\u00bbcontent-moving\u00a0\u00bb container=\u00a0\u00bb1&Prime; el_id=\u00a0\u00bblocation-neighbouring\u00a0\u00bb<\/p>\n","protected":false},"author":1,"featured_media":0,"parent":0,"menu_order":0,"comment_status":"open","ping_status":"closed","template":"tpl-visual_composer2.php","meta":{"footnotes":""},"class_list":["post-1015","page","type-page","status-publish","hentry"],"_links":{"self":[{"href":"https:\/\/indiansummerhouse.co\/fr\/wp-json\/wp\/v2\/pages\/1015\/"}],"collection":[{"href":"https:\/\/indiansummerhouse.co\/fr\/wp-json\/wp\/v2\/pages\/"}],"about":[{"href":"https:\/\/indiansummerhouse.co\/fr\/wp-json\/wp\/v2\/types\/page\/"}],"author":[{"embeddable":true,"href":"https:\/\/indiansummerhouse.co\/fr\/wp-json\/wp\/v2\/users\/1\/"}],"replies":[{"embeddable":true,"href":"https:\/\/indiansummerhouse.co\/fr\/wp-json\/wp\/v2\/comments\/?post=1015"}],"version-history":[{"count":4,"href":"https:\/\/indiansummerhouse.co\/fr\/wp-json\/wp\/v2\/pages\/1015\/revisions\/"}],"predecessor-version":[{"id":1433,"href":"https:\/\/indiansummerhouse.co\/fr\/wp-json\/wp\/v2\/pages\/1015\/revisions\/1433\/"}],"wp:attachment":[{"href":"https:\/\/indiansummerhouse.co\/fr\/wp-json\/wp\/v2\/media\/?parent=1015"}],"curies":[{"name":"wp","href":"https:\/\/api.w.org\/{rel}","templated":true}]}}