{"id":602,"date":"2016-05-25T14:49:58","date_gmt":"2016-05-25T06:49:58","guid":{"rendered":"https:\/\/indiansummerhouse.co\/de\/?page_id=602"},"modified":"2019-03-11T10:47:38","modified_gmt":"2019-03-11T02:47:38","slug":"die-villa","status":"publish","type":"page","link":"https:\/\/indiansummerhouse.co\/de\/die-villa\/","title":{"rendered":"Die Villa"},"content":{"rendered":"<p>[vc_row el_id=&#8220;villa-welcome&#8220;][vc_column]\r\n<!-- #about-page-content -->\r\n<section id=\"about-page-content\">\r\n\t<div class=\"container\">\r\n\t\t<div class=\"row\">\r\n\t\t\t<!-- .about-page-text -->\r\n\t\t\t<div class=\"col-lg-6 col-md-6 about-page-text\">\r\n\t\t\t\t<!-- .section-title -->\r\n\t\t\t\t<div class=\"section-title\">\r\n\t\t\t\t\t<span><\/span>\r\n\t\t\t\t\t<h2><span>WILLKOMMEN IN UNSEREM INDIAN SUMMER HOUSE<\/span><\/h2>\t\t\t\t\r\n\t\t\t\t<\/div><!-- \/.section-title -->\r\n\t\t\t\t<p>Eine luxuri\u00f6se Villa in der Sie sich von Ihrem stressigen Alltag zur\u00fcckziehen k\u00f6nnen und die Komfort und Keralan Kultur bietet. Romantische Gehwege und biologische G\u00e4rten umgeben den palastartigen R\u00fcckzugsort, der neben unserem Stammsitz geschaffen wurde.<\/p>\n<p>Das Indian Summer House, das in der N\u00e4he des m\u00e4andernden Muvatttapuzha Flusses in S\u00fcd-Indien liegt, l\u00e4dt Sie zum Entspannen und Energie tanken ein. Sobald Sie sich ausgeruht und entspannt haben, werden wir Sie zu den regionalen Geheimattraktionen f\u00fchren &#8211; mit dem Boot, auf dem Fahrrad oder vielleicht bevorzugen Sie einen Spaziergang durch die pr\u00e4chtige tropische Landschaft dieses unentdeckten Weilers im S\u00fcden.<\/p>\r\n\t\t\t<\/div><!-- \/.about-page-text -->\r\n\t\t\t<!-- .about-page-image -->\r\n\t\t\t<div class=\"col-lg-6 col-md-6 about-page-image text-right\">\r\n\t\t\t\t<img decoding=\"async\" src=\"https:\/\/indiansummerhouse.co\/wp-content\/uploads\/2016\/05\/welcome_550_300.jpg\" alt=\"image\">\r\n\t\t\t<\/div><!-- \/.about-page-image -->\r\n\t\t<\/div>\r\n\t<\/div>\r\n<\/section><!-- \/#about-page-content -->\r\n\r\n[\/vc_column][\/vc_row][vc_row][vc_column]\r\n<section class=\"agent-experience\">\r\n\t<div class=\"container\">\r\n\t\t<div class=\"row\">\r\n\t\t\t<div class=\"col-md-12\">\r\n\t\t\t\t<!-- .section-title -->\r\n\t\t\t\t<div class=\"section-title\">\r\n\t\t\t\t\t<span><\/span>\r\n\t\t\t\t\t<h2><span>ENERGIE &amp; HARMONIE<\/span><\/h2>\t\t\t\t\r\n\t\t\t\t<\/div><!-- \/.section-title -->\r\n\r\n\t\t\t\t<p>Die G\u00e4ste des Indian Summer House sch\u00e4tzen die \u00fcberw\u00e4ltigende Stille, die einen bereits \u00fcberkommt, wenn man durch den Tempel-Pavillon in diesen gem\u00fctlichen R\u00fcckzugsort schreitet.<\/p>\n<p>Der renommierte Landschaftsk\u00fcnstler Made Wijaya hat unsere neuen Ideen, mit seinen Vorstellungen \u00fcber eine luxuri\u00f6se Villa die Altes mit Neuem verbindet und sowohl ordnungsgem\u00e4\u00df als auch wandlungsf\u00e4hig ist, zum Leben erweckt.<\/p>\n<p>Andere einheimische Kunsthandwerker, die von dem beliebten Tempel-Architekten Prashant inspiriert wurden, haben mit sch\u00f6nen Outdoor-Skulpturen und Teichen sowie beeindruckenden handgefertigten Holzdecken und strahlenden Sparren dazu beigetragen.<\/p>\r\n\r\n\t\t\t\t<p><b>Wir glauben, dass das Beste oft nicht sichtbar ist: Das charakteristische Herzst\u00fcck von Karalas majest\u00e4tischem Indian Summer House ist Energie und Harmonie.<\/b><\/p>\r\n\r\n\t\t\t\t<p>Die abgelegene Residenz, die von dem Innenarchitekten Russel Grainger geschaffen wurde, offenbart eine makellose Verschmelzung von Keralan Kolonialarchitektur und zeitgen\u00f6ssischer Atmosph\u00e4re. Stets unter Ber\u00fccksichtigung von Vastu - dem hinduistischen Architektursystem.<\/p>\r\n\t\t\t<\/div>\r\n\t\t<\/div>\r\n\t<\/div>\r\n<\/section>\r\n\r\n[\/vc_column][\/vc_row][vc_row full_width=&#8220;stretch_row&#8220; container=&#8220;1&#8243; css=&#8220;.vc_custom_1466080826013{padding-top: 40px !important;}&#8220; el_class=&#8220;custom-row&#8220;][vc_column width=&#8220;1\/4&#8243;][vc_single_image image=&#8220;636&#8243; img_size=&#8220;full&#8220; alignment=&#8220;center&#8220;][\/vc_column][vc_column width=&#8220;3\/4&#8243; css=&#8220;.vc_custom_1466079654064{padding-top: 40px !important;}&#8220;][vc_column_text]Nach einem erlebnisreichen Tag, entspannen am Pool oder regenerieren von K\u00f6rper und Geist im Ayurveda Wellnessbereich, k\u00f6nnte die schwerste Entscheidung sein, wann und wo Sie in diesem tropischen R\u00fcckzugsort speisen m\u00f6chten. Unser K\u00fcchenchef\u00a0Rajesh\u00a0wird\u00a0Sie mit seinem verlockenden Men\u00fc begeistern und alle G\u00e4ste sind herzlich eingeladen an einem Kochkurs teilzunehmen.<\/p>\n<p>&nbsp;<\/p>\n<p>Albin leitet\u00a0unser aufmerksames Mitarbeiterteam,\u00a0das stets vor Ort ist und unauff\u00e4llig im Hintergrund mithilft. Hilfe von den Gastgebern wird auch f\u00fcr Touren, wie z.B.\u00a0Tempelbesuche, Kanufahrten, l\u00e4ngere Wanderungen, regionale Eink\u00e4ufe oder gem\u00fctlichen Spazierg\u00e4ngen zum nahe gelegenen Teeladen und G\u00e4rten, angeboten.[\/vc_column_text][\/vc_column][\/vc_row][vc_row][vc_column]\r\n\r\n<!-- .call-to-action -->\r\n<section class=\"call-to-action on-footer-home no-padding anim-5-all\">\r\n\t<div class=\"container\">\r\n\t\t<!-- .call-to-action -->\r\n\t\t<div class=\"call-to-action style-two style-three row\">\r\n\t\t\t<div class=\"col-lg-9\">\r\n\t\t\t\t<!-- .call-to-action-text -->\r\n\t\t\t\t<div class=\"call-to-action-text\">\r\n\t\t\t\t\t<h2>Wir freuen uns auf Ihre Anfrage<\/h2>\r\n\t\t\t\t\t<p>Jetzt m\u00fcssen Sie sich nur noch die raffinierten Details der G\u00e4stezimmer und Unterkunftsarten von unserem Indian Summer House ansehen. Ganz gleich, ob Sie zwei oder zehn Personen buchen, Sie k\u00f6nnen die westliche K\u00fcche, das Fitnessstudio, den Pool und den Garten voll nutzen. Zugang zu den Behandlungen im Ayurveda Spa (gegen Geb\u00fchr). Alle Mahlzeiten sind in Ihrem Aufenthalt enthalten.<\/p>\r\n\t\t\t\t<\/div><!-- \/.call-to-action-text -->\r\n\t\t\t<\/div>\r\n\t\t\t<div class=\"col-lg-3 text-center\">\r\n\t\t\t\t<button data-toggle=\"modal\" data-target=\"#contact-agent-modal\">JETZT ANFRAGEN<\/button>\r\n\t\t\t<\/div>\r\n\t\t<\/div><!-- \/.call-to-action -->\r\n\t<\/div>\r\n<\/section><!-- \/.call-to-action -->\r\n\r\n[\/vc_column][\/vc_row]<\/p>\n","protected":false},"excerpt":{"rendered":"<p>[vc_row el_id=&#8220;villa-welcome&#8220;][vc_column][\/vc_column][\/vc_row][vc_row][vc_column][\/vc_column][\/vc_row][vc_row full_width=&#8220;stretch_row&#8220; container=&#8220;1&#8243; css=&#8220;.vc_custom_1466080826013{padding-top: 40px !important;}&#8220; el_class=&#8220;custom-row&#8220;][vc_column width=&#8220;1\/4&#8243;][vc_single_image image=&#8220;636&#8243; img_size=&#8220;full&#8220; alignment=&#8220;center&#8220;][\/vc_column][vc_column width=&#8220;3\/4&#8243; css=&#8220;.vc_custom_1466079654064{padding-top: 40px !important;}&#8220;][vc_column_text]Nach einem erlebnisreichen Tag, entspannen am Pool oder regenerieren von K\u00f6rper und Geist im Ayurveda Wellnessbereich, k\u00f6nnte die schwerste Entscheidung sein, wann und wo Sie in diesem tropischen R\u00fcckzugsort speisen m\u00f6chten. Unser K\u00fcchenchef\u00a0Rajesh\u00a0wird\u00a0Sie mit seinem verlockenden Men\u00fc begeistern und alle<\/p>\n","protected":false},"author":1,"featured_media":0,"parent":0,"menu_order":0,"comment_status":"open","ping_status":"closed","template":"tpl-visual_composer2.php","meta":{"footnotes":""},"class_list":["post-602","page","type-page","status-publish","hentry"],"_links":{"self":[{"href":"https:\/\/indiansummerhouse.co\/de\/wp-json\/wp\/v2\/pages\/602\/"}],"collection":[{"href":"https:\/\/indiansummerhouse.co\/de\/wp-json\/wp\/v2\/pages\/"}],"about":[{"href":"https:\/\/indiansummerhouse.co\/de\/wp-json\/wp\/v2\/types\/page\/"}],"author":[{"embeddable":true,"href":"https:\/\/indiansummerhouse.co\/de\/wp-json\/wp\/v2\/users\/1\/"}],"replies":[{"embeddable":true,"href":"https:\/\/indiansummerhouse.co\/de\/wp-json\/wp\/v2\/comments\/?post=602"}],"version-history":[{"count":6,"href":"https:\/\/indiansummerhouse.co\/de\/wp-json\/wp\/v2\/pages\/602\/revisions\/"}],"predecessor-version":[{"id":1610,"href":"https:\/\/indiansummerhouse.co\/de\/wp-json\/wp\/v2\/pages\/602\/revisions\/1610\/"}],"wp:attachment":[{"href":"https:\/\/indiansummerhouse.co\/de\/wp-json\/wp\/v2\/media\/?parent=602"}],"curies":[{"name":"wp","href":"https:\/\/api.w.org\/{rel}","templated":true}]}}