{"id":1093,"date":"2016-07-11T10:31:25","date_gmt":"2016-07-11T02:31:25","guid":{"rendered":"https:\/\/indiansummerhouse.co\/de\/?page_id=1093"},"modified":"2018-03-17T10:14:56","modified_gmt":"2018-03-17T02:14:56","slug":"lage","status":"publish","type":"page","link":"https:\/\/indiansummerhouse.co\/de\/lage\/","title":{"rendered":"Sehensw\u00fcrdigkeiten"},"content":{"rendered":"<p>[vc_row full_width=&#8220;stretch_row_content&#8220; container=&#8220;1&#8243; el_class=&#8220;section-title custom-header-row text-center&#8220;][vc_column][vc_raw_html]JTNDaDIlM0UlM0NzcGFuJTNFTGFnZSUyMCUyNiUyME5haGVnZWxlZ2VuZSUyMEF0dHJha3Rpb25lbiUzQyUyRnNwYW4lM0UlM0MlMkZoMiUzRQ==[\/vc_raw_html][vc_column_text]<\/p>\n<p>In Muvattupuzha treffen die drei Fl\u00fcsse Thodupuzha, Kali &amp; Kothamangalam aufeinander und es war einst ein wichtiger Handelsweg f\u00fcr Gew\u00fcrze zu Lande und zu Wasser, aus dem Hochland bis zum Hafen von Cochin. Die Landwirtschaft ist die Existenzgrundlage der Bewohner und die Gegend ist bekannt f\u00fcr den Anbau von Ananas sowie Bananen, Kokos und Pfeffer.<br \/>\nWir befinden uns nur 45 Minuten vom internationalen Flughafen Kochi entfernt, auf dem Weg nach Munnar das f\u00fcr seine majest\u00e4tischen Tee- und Gew\u00fcrzplantagen bekannt ist.<\/p>\n<p>[\/vc_column_text][\/vc_column][\/vc_row][vc_row full_width=&#8220;stretch_row&#8220; parallax=&#8220;content-moving&#8220; container=&#8220;1&#8243; el_id=&#8220;location-neighbouring&#8220; el_class=&#8220;parallax-section&#8220; css=&#8220;.vc_custom_1465915719488{background-image: url(https:\/\/indiansummerhouse.co\/wp-content\/uploads\/2015\/12\/Pond-Home-Page-IMG_4118.jpg?id=872) !important;background-position: 0 0;background-repeat: no-repeat !important;}&#8220;][vc_column css=&#8220;.vc_custom_1465915916378{background-color: rgba(0,0,0,0.44) !important;*background-color: rgb(0,0,0) !important;}&#8220;]\r\n<div class=\"location-neighbouring-text\">\r\n\t<!-- .section-title -->\r\n\t<div class=\"section-title\">\r\n\t\t<span><\/span>\r\n\t\t<h2><span>Distance from attractions<\/span><\/h2>\r\n\t<\/div><!-- \/.section-title -->\r\n\t<div class=\"row\">\r\n\t\t<div class=\"col-lg-6 col-md-7 col-sm-7\">\r\n\t\t\t<!-- .essential-place -->\r\n\t\t\t<ul class=\"essential-place\">\r\n\t\t\t\t\r\n<li class=\"clearfix\">\r\n    <div class=\"name\">\r\n        <h3>LuLu Mall<\/h3>\r\n        <p><\/p>\r\n    <\/div>\r\n    <div class=\"distance\">\r\n        40 km, 1 hr without traffic    <\/div>\r\n<\/li>\r\n\r\n\r\n<li class=\"clearfix\">\r\n    <div class=\"name\">\r\n        <h3>Cochin Internationaler Flughafen<\/h3>\r\n        <p><\/p>\r\n    <\/div>\r\n    <div class=\"distance\">\r\n        32Km, 1hr    <\/div>\r\n<\/li>\r\n\r\n\r\n<li class=\"clearfix\">\r\n    <div class=\"name\">\r\n        <h3>Segel-Vereinshaus<\/h3>\r\n        <p><\/p>\r\n    <\/div>\r\n    <div class=\"distance\">\r\n        45Km, 1hr 30min    <\/div>\r\n<\/li>\r\n\r\n\r\n<li class=\"clearfix\">\r\n    <div class=\"name\">\r\n        <h3>Wonderla Vergn\u00fcgungspark<\/h3>\r\n        <p><\/p>\r\n    <\/div>\r\n    <div class=\"distance\">\r\n        25Km, 45min    <\/div>\r\n<\/li>\r\n\r\n\r\n<li class=\"clearfix\">\r\n    <div class=\"name\">\r\n        <h3>Kumarakom<\/h3>\r\n        <p><\/p>\r\n    <\/div>\r\n    <div class=\"distance\">\r\n        60Km, 1hr 45 min    <\/div>\r\n<\/li>\r\n\r\n\r\n<li class=\"clearfix\">\r\n    <div class=\"name\">\r\n        <h3>Kodanad Elefanten-Trainingszentrum<\/h3>\r\n        <p><\/p>\r\n    <\/div>\r\n    <div class=\"distance\">\r\n        30Km, 1hr    <\/div>\r\n<\/li>\r\n\r\n\r\n<li class=\"clearfix\">\r\n    <div class=\"name\">\r\n        <h3>Athirapally und Vazhachal Wasserf\u00e4lle<\/h3>\r\n        <p><\/p>\r\n    <\/div>\r\n    <div class=\"distance\">\r\n        65Km, 1hr 50min     <\/div>\r\n<\/li>\r\n\r\n\r\n<li class=\"clearfix\">\r\n    <div class=\"name\">\r\n        <h3>Munnar<\/h3>\r\n        <p><\/p>\r\n    <\/div>\r\n    <div class=\"distance\">\r\n        90Km, 2hr 30min    <\/div>\r\n<\/li>\r\n\r\n\r\n<li class=\"clearfix\">\r\n    <div class=\"name\">\r\n        <h3>Fort Kochi<\/h3>\r\n        <p><\/p>\r\n    <\/div>\r\n    <div class=\"distance\">\r\n        45Km, 1hr 45min    <\/div>\r\n<\/li>\r\n\r\n\r\n<li class=\"clearfix\">\r\n    <div class=\"name\">\r\n        <h3>Hausboot Alappuzha<\/h3>\r\n        <p><\/p>\r\n    <\/div>\r\n    <div class=\"distance\">\r\n        85Km, 2hr 15min    <\/div>\r\n<\/li>\r\n\r\n\r\n<li class=\"clearfix\">\r\n    <div class=\"name\">\r\n        <h3>Grand Hotel<\/h3>\r\n        <p><\/p>\r\n    <\/div>\r\n    <div class=\"distance\">\r\n        40Km 1hr without traffic    <\/div>\r\n<\/li>\r\n\r\n\r\n<li class=\"clearfix\">\r\n    <div class=\"name\">\r\n        <h3>Cherai Beach<\/h3>\r\n        <p><\/p>\r\n    <\/div>\r\n    <div class=\"distance\">\r\n        65Km, 1hr 45min    <\/div>\r\n<\/li>\r\n\r\n\r\n<li class=\"clearfix\">\r\n    <div class=\"name\">\r\n        <h3>Thekkady<\/h3>\r\n        <p><\/p>\r\n    <\/div>\r\n    <div class=\"distance\">\r\n        120Km, 3hr    <\/div>\r\n<\/li>\r\n\r\n\t\t\t<\/ul><!-- \/.essential-place -->\r\n\t\t<\/div>\r\n\t\t<div class=\"col-lg-6 col-md-5 col-sm-5\">\r\n\t\t\t<!-- .google-map -->\r\n\t\t\t<div class=\"google-map1\" id=\"location-neighbouring-map\"><\/div><!-- \/.google-map -->\r\n\t\t<\/div>\r\n\t<\/div>\r\n<\/div><!-- \/.location-neighbouring-text -->\r\n<script type=\"text\/javascript\">\r\n        \r\n\t\/\/ Google Map Settings\r\n\tif(jQuery('#location-neighbouring-map').length){\r\n\t\tvar map;\r\n\t\t map = new GMaps({\r\n\t\t\tel: '#location-neighbouring-map',\r\n\t\t\tzoom: 12,\r\n\t\t\tscrollwheel:false,\r\n\t\t\t\/\/Set Latitude and Longitude Here\r\n\t\t\tlat: 9.9772093,\r\n\t\t\tlng: 76.5703566\t\t  });\r\n\t\t  \r\n\t\t  \/\/Add map Marker\r\n\t\t  map.addMarker({\r\n\t\t\tlat: 9.9772093,\r\n\t\t\tlng: 76.5703566,\r\n\t\t\tinfoWindow: {\r\n\t\t\t  content: '<p><strong>Indian Summer House<\/strong><br>Muvattupuzha, Kerala, South India<\/p>'\r\n\t\t\t}\r\n\t\t \r\n\t\t});\r\n\t}\r\n\r\n<\/script>\r\n\r\n[\/vc_column][\/vc_row][vc_row full_width=&#8220;stretch_row_content&#8220; container=&#8220;1&#8243; el_class=&#8220;custom-header-row container&#8220; css=&#8220;.vc_custom_1465916184414{background-color: #f1f1f1 !important;}&#8220;][vc_column][vc_custom_heading text=&#8220;LuLu Mall&#8220; font_container=&#8220;tag:h3|text_align:left&#8220; use_theme_fonts=&#8220;yes&#8220;][vc_column_text]LuLu Mall ist das zweitgr\u00f6\u00dfte Einkaufszentrum in Indien. Es umfasst 7\u00a0Hektar\u00a0und\u00a0enth\u00e4lt mehr als 200\u00a0Verkaufsgesch\u00e4fte mit einem gro\u00dfen Kino, einer\u00a0Eislaufbahn, einer\u00a0Bowlingbahn und einem Supermarkt.[\/vc_column_text][vc_custom_heading text=&#8220;Cochin Internationaler Flughafen&#8220; font_container=&#8220;tag:h3|text_align:left&#8220; use_theme_fonts=&#8220;yes&#8220;][vc_column_text]Der internationale Flughafen Cochin ist der erste Flughafen des Landes der auf gr\u00fcner Wiese durch \u00f6ffentlich-private Partnerschaft gebaut wurde. Die \u00fcberraschende\u00a0Beteiligung der \u00d6ffentlichkeit, unnachgiebige Unterst\u00fctzung von NRIs\u00a0(Indische Staatsb\u00fcrger die nicht auf indischem Staatsgebiet leben) und eine effektive F\u00fchrung haben CIAL, die Firma die den Flughafen gebaut hat und betreibt, zu einer internationalen Marke gemacht.[\/vc_column_text][vc_custom_heading text=&#8220;Segel-Vereinshaus&#8220; font_container=&#8220;tag:h3|text_align:left&#8220; use_theme_fonts=&#8220;yes&#8220;][vc_column_text]G\u00f6nnen Sie sich den einzigartigen Blick\u00a0auf den See\u00a0Vembanad, einer der gr\u00f6\u00dften Seen des Landes. Dies ist einer der besten Pl\u00e4tze um die Seele baumeln zu lassen und\u00a0die Segel zu setzen. Verabreden Sie sich zu einem Rendezvous mit einem\u00a0besonderen Menschen oder veranstalten Sie ein privates Bankett f\u00fcr Ihre Gruppe an diesem abgeschiedenen R\u00fcckzugsort.[\/vc_column_text][vc_custom_heading text=&#8220;Wonderla Vergn\u00fcgungspark&#8220; font_container=&#8220;tag:h3|text_align:left&#8220; use_theme_fonts=&#8220;yes&#8220;][vc_column_text]Wonderla, Kochi, ist ein bildsch\u00f6ner Ort mit aufregenden Fahrten\u00a0und Spielen. Wonderla, umgeben von malerischem Gr\u00fcn in Pallikkara, ist ein umweltfreundlicher Vergn\u00fcgungspark der sichere, gut betreute Unterhaltung f\u00fcr die Besucher bietet.<\/p>\n<p>Wonderla\u00a0verf\u00fcgt \u00fcber\u00a022\u00a0Wasserattraktionen\u00a0und 34\u00a0Attraktionen an Land.[\/vc_column_text][vc_custom_heading text=&#8220;Kumarakom&#8220; font_container=&#8220;tag:h3|text_align:left&#8220; use_theme_fonts=&#8220;yes&#8220;][vc_column_text]Das Dorf Kumarakom\u00a0besteht aus einer Ansammlung kleiner Inseln auf dem Vembanad See. Das Vogelschutzgebiet hier, das \u00fcber 6\u00a0Hektar\u00a0gro\u00df ist, ist das Highlight und ein beliebter Treffpunkt f\u00fcr Zugv\u00f6gel sowie ein Paradies f\u00fcr Ornithologen. Silberreiher, Schlangenhalsv\u00f6gel, Fischreiher, Krickenten, Wasserv\u00f6gel, Kuckucke, Wildenten, und Zugv\u00f6gel wie der sibirische Storch besuchen diesen Ort in Scharen und sind eine Faszination f\u00fcr\u00a0die Besucher.[\/vc_column_text][vc_custom_heading text=&#8220;Kodanad Elefanten-Trainingszentrum&#8220; font_container=&#8220;tag:h3|text_align:left&#8220; use_theme_fonts=&#8220;yes&#8220;][vc_column_text]Den Elefantenwaisen hier geht es sehr gut. Sie wirken gl\u00fccklich und sehen gut gepflegt aus. Schlie\u00dfen Sie sich ihnen bei ihrem morgendlichen Spaziergang an. Sie gehen neben den Elefanten zum Fluss hinunter, wo sie gl\u00fccklich ins Wasser plumsen und gr\u00fcndlich\u00a0geschruppt und gebadet werden. Eine fantastische Erfahrung f\u00fcr alle Tierliebhaber.[\/vc_column_text][vc_custom_heading text=&#8220;Athirapally und Vazhachal Wasserf\u00e4lle&#8220; font_container=&#8220;tag:h3|text_align:left&#8220; use_theme_fonts=&#8220;yes&#8220;][vc_column_text]Diese beiden atemberaubenden und majest\u00e4tischen Wasserf\u00e4lle am Rande des Sholayar Waldgebietes\u00a0liegen nur 5 km voneinander entfernt.\u00a0Die Athirapally-Wasserf\u00e4lle m\u00fcnden, nach einer Sturzfahrt von 80 Fu\u00df, in den Chalakudy Fluss.\u00a0Der Wassernebel, der eine gro\u00dfe Fl\u00e4che nahe den Wasserf\u00e4llen bedeckt, verwandelt\u00a0Athirapally\u00a0in eine reizvolle Landschaft.\u00a0Der malerische Vazhachal-Wasserfall liegt in der N\u00e4he von\u00a0dichten gr\u00fcnen W\u00e4ldern und ist ein Teil des\u00a0Chalakudy Flusses.[\/vc_column_text][vc_custom_heading text=&#8220;Munnar&#8220; font_container=&#8220;tag:h3|text_align:left&#8220; use_theme_fonts=&#8220;yes&#8220;][vc_column_text]Munnar liegt am Zusammenfluss von drei Bergb\u00e4chen\u00a0&#8211; Mudrapuzha, Nallathanni und Kundala. Einst war diese Bergstation, die 1600\u00a0m \u00fcber dem Meeresspiegel liegt, der Sommerurlaubsort der ehemaligen britischen Regierung in S\u00fcdindien.\u00a0Ausgedehnte Teeplantagen, Bilderbuchst\u00e4dte, verwinkelte Gassen und Ferienanlagen machen ihn zu einem beliebten Ferienort. Inmitten der exotischen Pflanzen in den W\u00e4ldern und Wiesen gefunden, befindet sich hier die\u00a0Neelakurinji. Diese Blume, die die H\u00fcgel einmal in\u00a012 Jahren in blau erstrahlen l\u00e4sst, wird im Jahr 2018\u00a0wieder\u00a0bl\u00fchen. Munnar ist ein idealer Ort f\u00fcr Trekking.[\/vc_column_text][vc_custom_heading text=&#8220;Fort Kochi&#8220; font_container=&#8220;tag:h3|text_align:left&#8220; use_theme_fonts=&#8220;yes&#8220;][vc_column_text]Lonely Planet beschreibt Fort Kochi treffend als eine Stadt die H\u00e4ndler und Entdecker f\u00fcr \u00fcber 600 Jahre an seine Ufer gezogen hat &#8211; heute ist sie die Heimat der Kochi-Muziris Biennale. Nirgendwo sonst in Indien kann man so eine verbl\u00fcffende Mischung finden: Riesen-Fischernetze aus China, eine 400 Jahre alte Synagoge, antike Moscheen, portugiesische H\u00e4user und die br\u00f6ckelnden \u00dcberreste von Britisch-Indien. Das Ergebnis ist eine merkw\u00fcrdige Mischung aus mittelalterlichem Portugal, Holland und einem englischen Dorf an der tropischen Malabar-K\u00fcste.[\/vc_column_text][vc_custom_heading text=&#8220;Hausboot Alappuzha&#8220; font_container=&#8220;tag:h3|text_align:left&#8220; use_theme_fonts=&#8220;yes&#8220;][vc_column_text]Haben Sie schon einmal eine Bootsfahrt in einem Hausboot\u00a0auf den Backwaters von Kerala gemacht?\u00a0Wenn nicht, dann sollten Sie das unbedingt tun. Es ist wirklich ein wundervolles und unvergessliches Erlebnis! Die heutigen Hausboote sind riesige, sich langsam bewegende exotische Lastk\u00e4hne, die f\u00fcr Urlaubsreisen genutzt werden und wahrhaftig\u00a0eine umgebaute Version der Kettuvallams aus alten Zeiten sind. Die urspr\u00fcnglichen Kettuvallams wurden f\u00fcr den Transport von Tonnen von Reis und Gew\u00fcrzen verwendet.[\/vc_column_text][vc_custom_heading text=&#8220;Grand Hotel&#8220; font_container=&#8220;tag:h3|text_align:left&#8220; use_theme_fonts=&#8220;yes&#8220;][vc_column_text]Speisen Sie im Grand Hotel Kochi\u00a0und lernen Sie den echten Geschmack von Kerala kennen indem Sie die gro\u00dfe Auswahl an marinierten und bis zur Perfektion gekochten Meeres- und S\u00fc\u00dfwasserfr\u00fcchte probieren. Die Qualit\u00e4t des Restaurants ist\u00a0stets gut und nur ein Stockwerk tiefer befindet sich eine romantisch beleuchtete Bar, um vor dem Essen einen Aperitif\u00a0genie\u00dfen zu k\u00f6nnen![\/vc_column_text][vc_custom_heading text=&#8220;Cherai Beach&#8220; font_container=&#8220;tag:h3|text_align:left&#8220; use_theme_fonts=&#8220;yes&#8220;][vc_column_text]Der 18 Kilometer lange Cherai Beach ist der goldene Strand von Kerala und wird zu Recht als &#8222;Die Prinzessin des Arabischen Meeres&#8220; bezeichnet. Sp\u00fcren Sie die W\u00e4rme der goldenen Strahlen des Sonnenuntergangs. Genie\u00dfen Sie ein paar frisch gefangene Meeresfr\u00fcchte, die von der Familie des Fischers vorbereitet\u00a0werden. Der Strand ist flach, ruhig und ideal zum Schwimmen und Sonnenbaden. Gelegentlich werden hier Delfine gesichtet.[\/vc_column_text][vc_custom_heading text=&#8220;Thekkady&#8220; font_container=&#8220;tag:h3|text_align:left&#8220; use_theme_fonts=&#8220;yes&#8220;][vc_column_text]Die Periyar W\u00e4lder von\u00a0Thekkady\u00a0sind eines der sch\u00f6nsten Naturschutzgebiete in Indien. \u00dcber den gesamten Bezirk verbreitet findet man malerische Plantagen und Bergd\u00f6rfer, die ideal f\u00fcr Wanderungen und Bergtouren sind.[\/vc_column_text][\/vc_column][\/vc_row]<\/p>\n","protected":false},"excerpt":{"rendered":"<p>[vc_row full_width=&#8220;stretch_row_content&#8220; container=&#8220;1&#8243; el_class=&#8220;section-title custom-header-row text-center&#8220;][vc_column][vc_raw_html]JTNDaDIlM0UlM0NzcGFuJTNFTGFnZSUyMCUyNiUyME5haGVnZWxlZ2VuZSUyMEF0dHJha3Rpb25lbiUzQyUyRnNwYW4lM0UlM0MlMkZoMiUzRQ==[\/vc_raw_html][vc_column_text] In Muvattupuzha treffen die drei Fl\u00fcsse Thodupuzha, Kali &amp; Kothamangalam aufeinander und es war einst ein wichtiger Handelsweg f\u00fcr Gew\u00fcrze zu Lande und zu Wasser, aus dem Hochland bis zum Hafen von Cochin. Die Landwirtschaft ist die Existenzgrundlage der Bewohner und die Gegend ist bekannt f\u00fcr den Anbau von<\/p>\n","protected":false},"author":1,"featured_media":0,"parent":0,"menu_order":0,"comment_status":"open","ping_status":"closed","template":"tpl-visual_composer2.php","meta":{"footnotes":""},"class_list":["post-1093","page","type-page","status-publish","hentry"],"_links":{"self":[{"href":"https:\/\/indiansummerhouse.co\/de\/wp-json\/wp\/v2\/pages\/1093\/"}],"collection":[{"href":"https:\/\/indiansummerhouse.co\/de\/wp-json\/wp\/v2\/pages\/"}],"about":[{"href":"https:\/\/indiansummerhouse.co\/de\/wp-json\/wp\/v2\/types\/page\/"}],"author":[{"embeddable":true,"href":"https:\/\/indiansummerhouse.co\/de\/wp-json\/wp\/v2\/users\/1\/"}],"replies":[{"embeddable":true,"href":"https:\/\/indiansummerhouse.co\/de\/wp-json\/wp\/v2\/comments\/?post=1093"}],"version-history":[{"count":4,"href":"https:\/\/indiansummerhouse.co\/de\/wp-json\/wp\/v2\/pages\/1093\/revisions\/"}],"predecessor-version":[{"id":1436,"href":"https:\/\/indiansummerhouse.co\/de\/wp-json\/wp\/v2\/pages\/1093\/revisions\/1436\/"}],"wp:attachment":[{"href":"https:\/\/indiansummerhouse.co\/de\/wp-json\/wp\/v2\/media\/?parent=1093"}],"curies":[{"name":"wp","href":"https:\/\/api.w.org\/{rel}","templated":true}]}}