{"id":1088,"date":"2016-07-11T10:09:32","date_gmt":"2016-07-11T02:09:32","guid":{"rendered":"https:\/\/indiansummerhouse.co\/de\/?page_id=1088"},"modified":"2018-03-17T10:03:51","modified_gmt":"2018-03-17T02:03:51","slug":"aktivitaeten","status":"publish","type":"page","link":"https:\/\/indiansummerhouse.co\/de\/aktivitaeten\/","title":{"rendered":"Erfahrungen"},"content":{"rendered":"<p>[vc_row][vc_column width=&#8220;1\/3&#8243;][vc_single_image image=&#8220;1507&#8243; img_size=&#8220;full&#8220; style=&#8220;vc_box_shadow_3d&#8220; onclick=&#8220;link_image&#8220;][\/vc_column][vc_column width=&#8220;2\/3&#8243;][vc_custom_heading text=&#8220;Ayurveda Spa&#8220; use_theme_fonts=&#8220;yes&#8220;][vc_column_text]<\/p>\n<p>Wir m\u00f6chten Ihren Aufenthalt im Indian Summer House so erholsam und unvergesslich wie m\u00f6glich machen. Nutzen Sie unseren hoteleigenen Ayurveda Spa um Ihren K\u00f6rper und Geist zu entspannen, sich zu regenerieren, zu entgiften oder zu erfrischen und st\u00e4rken Sie sich mit Hilfe einer Auswahl an Ayurveda Wellnessbehandlungen, Yoga und Meditation.<\/p>\n<p><a data-toggle=\"modal\" data-target=\"#contact-agent-modal\">Fragen Sie uns<\/a> einfach um weitere Details zu erhalten.<\/p>\n<p>[\/vc_column_text][\/vc_column][\/vc_row][vc_row full_width=&#8220;stretch_row&#8220; css=&#8220;.vc_custom_1465524540929{background-color: rgba(229,229,229,0.25) !important;*background-color: rgb(229,229,229) !important;}&#8220;][vc_column width=&#8220;2\/3&#8243;][vc_custom_heading text=&#8220;Lokale Erfahrung&#8220; use_theme_fonts=&#8220;yes&#8220;][vc_column_text]Wir w\u00fcrden uns freuen, unseren G\u00e4sten einen Einblick in das lokale Leben, die regionale K\u00fcche, das Kochen und in die Kultur zu bieten. In diesem Sinne\u00a0haben wir einige innovative Erlebnisse\u00a0geschaffen, um Ihren Aufenthalt im Indian Summer House zu verbessern. Eine beliebte kurze Tour ist die Fluss\u00fcberquerung und Tee trinken in\u00a0Mohanans Teehaus. Sie k\u00f6nnen dies mit einem k\u00f6stlichen Mittagessen gemeinsam mit den Beamten im\u00a0Amt f\u00fcr \u00f6ffentliche Arbeiten fortsetzen und dabei erhalten\u00a0Sie einen Einblick in das interessante\u00a0Arbeitsgeschehen der Regierung und Kommune\u00a0von diesem Teil in\u00a0Indien.<\/p>\n<p>&nbsp;<\/p>\n<p>Sie sind willkommen an einer regionalen oder selbst\u00a0organisierten\u00a0Wanderung durch Muvattapuzha teilzunehmen, oder einen Tempel zu besuchen.\u00a0Falls\u00a0Sie lieber einkaufen gehen m\u00f6chten,\u00a0sollten Sie sich von uns zu der besten Einkaufspassage im Bezirk f\u00fchren lassen,\u00a0indem man\u00a0Seiden-Saris\u00a0und Khadi-Baumwolle kaufen kann. Kein Aufenthalt im Indian Summer House w\u00e4re\u00a0ohne einen Kochkurs mit unserem K\u00fcchenchef vollkommen.[\/vc_column_text][\/vc_column][vc_column width=&#8220;1\/3&#8243;][vc_single_image image=&#8220;790&#8243; img_size=&#8220;medium&#8220; alignment=&#8220;center&#8220; style=&#8220;vc_box_shadow_3d&#8220;][\/vc_column][\/vc_row][vc_row][vc_column width=&#8220;1\/3&#8243;][vc_single_image image=&#8220;1509&#8243; img_size=&#8220;full&#8220; style=&#8220;vc_box_shadow_3d&#8220;][\/vc_column][vc_column width=&#8220;2\/3&#8243;][vc_custom_heading text=&#8220;Tagesausfl\u00fcge&#8220; use_theme_fonts=&#8220;yes&#8220;][vc_column_text]F\u00fcr G\u00e4ste die eine Unternehmung au\u00dferhalb unserer Gegend machen m\u00f6chten, bieten wir einige einzigartige Touren an. Begeben Sie sich beispielsweise auf eine Wanderung mit Camping von Munnar zu den Kardamon Plantagen und zu Keralas dritt h\u00f6chstem Gipfel. Oder vielleicht bevorzugen Sie einen entspannten Nachmittag an dem Sie, in einem privaten Segelverein, Segeln oder Kajak fahren.[\/vc_column_text][\/vc_column][\/vc_row][vc_row full_width=&#8220;stretch_row_content_no_spaces&#8220;][vc_column]\r\n\r\n<!-- .call-to-action -->\r\n<section class=\"call-to-action on-footer-home no-padding anim-5-all\">\r\n\t<div class=\"container\">\r\n\t\t<!-- .call-to-action -->\r\n\t\t<div class=\"call-to-action style-two style-three row\">\r\n\t\t\t<div class=\"col-lg-9\">\r\n\t\t\t\t<!-- .call-to-action-text -->\r\n\t\t\t\t<div class=\"call-to-action-text\">\r\n\t\t\t\t\t<h2>Buchen Sie eine Aktivit\u00e4t<\/h2>\r\n\t\t\t\t\t<p>Viele dieser Aktivit\u00e4ten sind in Ihrem Tarif mit inbegriffen und einige, wie Segeln und Kochen, werden zus\u00e4tzlich in Rechnung gestellt. Wenn Sie m\u00f6chten, dass wir Ihren Aufenthalt mit einigen dieser Optionen verbessern, geben Sie dies bitte bei der Buchungsanfrage mit an und wir werden Ihnen weitere Informationen dar\u00fcber zusenden.<\/p>\r\n\t\t\t\t<\/div><!-- \/.call-to-action-text -->\r\n\t\t\t<\/div>\r\n\t\t\t<div class=\"col-lg-3 text-center\">\r\n\t\t\t\t<button data-toggle=\"modal\" data-target=\"#contact-agent-modal\">Jetzt Anfragen<\/button>\r\n\t\t\t<\/div>\r\n\t\t<\/div><!-- \/.call-to-action -->\r\n\t<\/div>\r\n<\/section><!-- \/.call-to-action -->\r\n\r\n[\/vc_column][\/vc_row]<\/p>\n","protected":false},"excerpt":{"rendered":"<p>[vc_row][vc_column width=&#8220;1\/3&#8243;][vc_single_image image=&#8220;1507&#8243; img_size=&#8220;full&#8220; style=&#8220;vc_box_shadow_3d&#8220; onclick=&#8220;link_image&#8220;][\/vc_column][vc_column width=&#8220;2\/3&#8243;][vc_custom_heading text=&#8220;Ayurveda Spa&#8220; use_theme_fonts=&#8220;yes&#8220;][vc_column_text] Wir m\u00f6chten Ihren Aufenthalt im Indian Summer House so erholsam und unvergesslich wie m\u00f6glich machen. Nutzen Sie unseren hoteleigenen Ayurveda Spa um Ihren K\u00f6rper und Geist zu entspannen, sich zu regenerieren, zu entgiften oder zu erfrischen und st\u00e4rken Sie sich mit Hilfe einer Auswahl an<\/p>\n","protected":false},"author":1,"featured_media":0,"parent":0,"menu_order":0,"comment_status":"open","ping_status":"closed","template":"tpl-page_without_comment.php","meta":{"footnotes":""},"class_list":["post-1088","page","type-page","status-publish","hentry"],"_links":{"self":[{"href":"https:\/\/indiansummerhouse.co\/de\/wp-json\/wp\/v2\/pages\/1088\/"}],"collection":[{"href":"https:\/\/indiansummerhouse.co\/de\/wp-json\/wp\/v2\/pages\/"}],"about":[{"href":"https:\/\/indiansummerhouse.co\/de\/wp-json\/wp\/v2\/types\/page\/"}],"author":[{"embeddable":true,"href":"https:\/\/indiansummerhouse.co\/de\/wp-json\/wp\/v2\/users\/1\/"}],"replies":[{"embeddable":true,"href":"https:\/\/indiansummerhouse.co\/de\/wp-json\/wp\/v2\/comments\/?post=1088"}],"version-history":[{"count":3,"href":"https:\/\/indiansummerhouse.co\/de\/wp-json\/wp\/v2\/pages\/1088\/revisions\/"}],"predecessor-version":[{"id":1513,"href":"https:\/\/indiansummerhouse.co\/de\/wp-json\/wp\/v2\/pages\/1088\/revisions\/1513\/"}],"wp:attachment":[{"href":"https:\/\/indiansummerhouse.co\/de\/wp-json\/wp\/v2\/media\/?parent=1088"}],"curies":[{"name":"wp","href":"https:\/\/api.w.org\/{rel}","templated":true}]}}